{"id":429,"date":"2022-11-20T19:34:10","date_gmt":"2022-11-20T19:34:10","guid":{"rendered":"https:\/\/digiafric.com\/?page_id=429"},"modified":"2022-11-20T19:57:49","modified_gmt":"2022-11-20T19:57:49","slug":"splash","status":"publish","type":"page","link":"https:\/\/digiafric.com\/index.php\/splash\/","title":{"rendered":"splash"},"content":{"rendered":"<p>[et_pb_section fb_built=&#8221;1&#8243; _builder_version=&#8221;4.19.1&#8243; _module_preset=&#8221;default&#8221; global_colors_info=&#8221;{}&#8221;][et_pb_row _builder_version=&#8221;4.19.1&#8243; _module_preset=&#8221;default&#8221; global_colors_info=&#8221;{}&#8221;][et_pb_column type=&#8221;4_4&#8243; _builder_version=&#8221;4.19.1&#8243; _module_preset=&#8221;default&#8221; global_colors_info=&#8221;{}&#8221;][et_pb_image src=&#8221;http:\/\/digiafric.com\/wp-content\/uploads\/2022\/11\/cropped-DigiAfric-Logo.jpg&#8221; _builder_version=&#8221;4.19.1&#8243; _module_preset=&#8221;default&#8221; global_colors_info=&#8221;{}&#8221;][\/et_pb_image][\/et_pb_column][\/et_pb_row][et_pb_row _builder_version=&#8221;4.19.1&#8243; _module_preset=&#8221;default&#8221; global_colors_info=&#8221;{}&#8221;][et_pb_column type=&#8221;4_4&#8243; _builder_version=&#8221;4.19.1&#8243; _module_preset=&#8221;default&#8221; global_colors_info=&#8221;{}&#8221;][et_pb_text _builder_version=&#8221;4.19.1&#8243; _module_preset=&#8221;default&#8221; global_colors_info=&#8221;{}&#8221;]<\/p>\n<h1>A propos De DigiAfric<\/h1>\n<h4><strong><b>Notre proposition<\/b><\/strong><\/h4>\n<ul>\n<li>DigiAfric se veut d\u2019\u00eatre le sanctuaire digital de l\u2019Afrique en \u00e9tablissant un Hub internet Africain.<\/li>\n<li>Mettre en place un nouvel op\u00e9rateur neutre et ind\u00e9pendant d\u2019un Data Center au Cameroun<br aria-hidden=\"true\" \/>C\u2019est une solution int\u00e9grale qui combine deux principaux sanctuaires cruciaux tels que les \u00e9nergies renouvelables et le digital<\/li>\n<li>Un nouveau Data Center g\u00e9n\u00e8re sa propre \u00e9nergie et r\u00e9injecte les exc\u00e8s dans le r\u00e9seau \u00e9lectrique.<\/li>\n<li>Il apporte un d\u00e9veloppement \u00e9conomique durable et l\u2019emploi tout en favorisant les comp\u00e9tences informatiques de haute technologie et le partage des connaissances entre les institutions locales et internationales<br aria-hidden=\"true\" \/>Cela apportera de nouveaux mod\u00e8les d\u2019affaires bas\u00e9s sur une \u00e9conomie de la connaissance et du num\u00e9rique<\/li>\n<\/ul>\n<p>[\/et_pb_text][\/et_pb_column][\/et_pb_row][et_pb_row _builder_version=&#8221;4.19.1&#8243; _module_preset=&#8221;default&#8221; global_colors_info=&#8221;{}&#8221;][et_pb_column type=&#8221;4_4&#8243; _builder_version=&#8221;4.19.1&#8243; _module_preset=&#8221;default&#8221; global_colors_info=&#8221;{}&#8221;][et_pb_text _builder_version=&#8221;4.19.1&#8243; _module_preset=&#8221;default&#8221; global_colors_info=&#8221;{}&#8221;]<\/p>\n<h4><b>Hub Digital Africain fournissant les services suivants<\/b><\/h4>\n<p>[\/et_pb_text][\/et_pb_column][\/et_pb_row][et_pb_row _builder_version=&#8221;4.19.1&#8243; _module_preset=&#8221;default&#8221; column_structure=&#8221;1_4,1_4,1_4,1_4&#8243; hover_enabled=&#8221;0&#8243; sticky_enabled=&#8221;0&#8243;][et_pb_column _builder_version=&#8221;4.19.1&#8243; _module_preset=&#8221;default&#8221; type=&#8221;1_4&#8243;][et_pb_text _builder_version=&#8221;4.19.1&#8243; _module_preset=&#8221;default&#8221; hover_enabled=&#8221;0&#8243; sticky_enabled=&#8221;0&#8243;]<\/p>\n<p><strong>Consultance<\/strong><\/p>\n<p><span style=\"font-size: 14px;\">pour l\u2019\u00e9conomie num\u00e9rique et la transformation digitale<\/span><\/p>\n<p><span style=\"font-size: 14px;\">permet aux entreprises et aux institutions de se conformer \u00e0 la r\u00e9glementation et \u00e0 la gouvernance<\/span><\/p>\n<p><span style=\"font-size: 14px;\">fournit des services pour assurer la continuit\u00e9 des activit\u00e9s de l\u2019entreprise<\/span><\/p>\n<p>[\/et_pb_text][\/et_pb_column][et_pb_column _builder_version=&#8221;4.19.1&#8243; _module_preset=&#8221;default&#8221; type=&#8221;1_4&#8243;][et_pb_text _builder_version=&#8221;4.19.1&#8243; _module_preset=&#8221;default&#8221; hover_enabled=&#8221;0&#8243; sticky_enabled=&#8221;0&#8243;]<\/p>\n<p>\u00a0<strong>Connectivit\u00e9 Internet\u00a0<\/strong><\/p>\n<p><span style=\"font-size: 14px;\">permet une disponibilit\u00e9 optimale de tout appareil connect\u00e9, le rendant accessible de n\u2019importe o\u00f9<\/span><\/p>\n<p>[\/et_pb_text][\/et_pb_column][et_pb_column _builder_version=&#8221;4.19.1&#8243; _module_preset=&#8221;default&#8221; type=&#8221;1_4&#8243;][et_pb_text _builder_version=&#8221;4.19.1&#8243; _module_preset=&#8221;default&#8221; hover_enabled=&#8221;0&#8243; sticky_enabled=&#8221;0&#8243;]<\/p>\n<h1><strong style=\"font-size: 14px;\">Cloud<\/strong><\/h1>\n<p><span style=\"font-size: 14px;\">offre adaptabilit\u00e9, flexibilit\u00e9 et efficacit\u00e9 pour exploiter les services num\u00e9riques<\/span><\/p>\n<p>[\/et_pb_text][\/et_pb_column][et_pb_column _builder_version=&#8221;4.19.1&#8243; _module_preset=&#8221;default&#8221; type=&#8221;1_4&#8243;][et_pb_text _builder_version=&#8221;4.19.1&#8243; _module_preset=&#8221;default&#8221; hover_enabled=&#8221;0&#8243; sticky_enabled=&#8221;0&#8243;]<\/p>\n<h1><strong style=\"font-size: 14px;\">Co-location<\/strong><\/h1>\n<p>Fournit des logements et des espaces priv\u00e9s d\u00e9di\u00e9s aux entreprises ayant des besoins particuliers<\/p>\n<p>Solutions de Data Centers jumeaux pour une haute disponibilit\u00e9<\/p>\n<p>[\/et_pb_text][\/et_pb_column][\/et_pb_row][et_pb_row _builder_version=&#8221;4.19.1&#8243; _module_preset=&#8221;default&#8221;][et_pb_column _builder_version=&#8221;4.19.1&#8243; _module_preset=&#8221;default&#8221; type=&#8221;4_4&#8243;][et_pb_text _builder_version=&#8221;4.19.1&#8243; _module_preset=&#8221;default&#8221; hover_enabled=&#8221;0&#8243; sticky_enabled=&#8221;0&#8243;]<\/p>\n<p>DigiAfric est une joint-venture entre plusieurs soci\u00e9t\u00e9s n\u00e9erlandaises du secteur des technologies de l\u2019information\u00a0:<\/p>\n<ul type=\"disc\">\n<li>DIFOKO IT Solutions BV &amp; Magna Solutions BV<\/li>\n<li>En collaboration avec Bit.nl<\/li>\n<li>Contactez-nous:<\/li>\n<li><a href=\"mailto:info@digiafric.com\" target=\"_blank\" rel=\"noopener noreferrer\" data-auth=\"NotApplicable\" data-linkindex=\"0\" data-ogsc=\"\">info@digiafric.com<\/a><\/li>\n<li>Si\u00e8ge central: Pays-Bas<\/li>\n<\/ul>\n<p>[\/et_pb_text][\/et_pb_column][\/et_pb_row][\/et_pb_section][et_pb_section fb_built=&#8221;1&#8243; _builder_version=&#8221;4.19.1&#8243; _module_preset=&#8221;default&#8221; global_colors_info=&#8221;{}&#8221;][et_pb_row _builder_version=&#8221;4.19.1&#8243; _module_preset=&#8221;default&#8221; global_colors_info=&#8221;{}&#8221;][et_pb_column type=&#8221;4_4&#8243; _builder_version=&#8221;4.19.1&#8243; _module_preset=&#8221;default&#8221; global_colors_info=&#8221;{}&#8221;][\/et_pb_column][\/et_pb_row][\/et_pb_section]<\/p>\n","protected":false},"excerpt":{"rendered":"<p>A propos De DigiAfric Notre proposition DigiAfric se veut d\u2019\u00eatre le sanctuaire digital de l\u2019Afrique en \u00e9tablissant un Hub internet Africain. Mettre en place un nouvel op\u00e9rateur neutre et ind\u00e9pendant d\u2019un Data Center au CamerounC\u2019est une solution int\u00e9grale qui combine deux principaux sanctuaires cruciaux tels que les \u00e9nergies renouvelables et le digital Un nouveau Data [&hellip;]<\/p>\n","protected":false},"author":2,"featured_media":0,"parent":0,"menu_order":0,"comment_status":"closed","ping_status":"closed","template":"","meta":{"_et_pb_use_builder":"on","_et_pb_old_content":"","_et_gb_content_width":"","om_disable_all_campaigns":false,"_monsterinsights_skip_tracking":false,"_monsterinsights_sitenote_active":false,"_monsterinsights_sitenote_note":"","_monsterinsights_sitenote_category":0,"footnotes":""},"class_list":["post-429","page","type-page","status-publish","hentry"],"aioseo_notices":[],"_links":{"self":[{"href":"https:\/\/digiafric.com\/index.php\/wp-json\/wp\/v2\/pages\/429","targetHints":{"allow":["GET"]}}],"collection":[{"href":"https:\/\/digiafric.com\/index.php\/wp-json\/wp\/v2\/pages"}],"about":[{"href":"https:\/\/digiafric.com\/index.php\/wp-json\/wp\/v2\/types\/page"}],"author":[{"embeddable":true,"href":"https:\/\/digiafric.com\/index.php\/wp-json\/wp\/v2\/users\/2"}],"replies":[{"embeddable":true,"href":"https:\/\/digiafric.com\/index.php\/wp-json\/wp\/v2\/comments?post=429"}],"version-history":[{"count":6,"href":"https:\/\/digiafric.com\/index.php\/wp-json\/wp\/v2\/pages\/429\/revisions"}],"predecessor-version":[{"id":446,"href":"https:\/\/digiafric.com\/index.php\/wp-json\/wp\/v2\/pages\/429\/revisions\/446"}],"wp:attachment":[{"href":"https:\/\/digiafric.com\/index.php\/wp-json\/wp\/v2\/media?parent=429"}],"curies":[{"name":"wp","href":"https:\/\/api.w.org\/{rel}","templated":true}]}}